{"id":705,"date":"2018-01-12T14:12:59","date_gmt":"2018-01-12T14:12:59","guid":{"rendered":"http:\/\/www.kinderaerztin-wiesbaden.de\/?page_id=705"},"modified":"2024-05-24T14:31:47","modified_gmt":"2024-05-24T12:31:47","slug":"imprint","status":"publish","type":"page","link":"https:\/\/www.kinderaerztin-wiesbaden.de\/en\/imprint\/","title":{"rendered":"Imprint"},"content":{"rendered":"<div class=\"wpb-content-wrapper\"><p>[vc_row full_width=&#8221;stretch_row_content_no_spaces&#8221; css=&#8221;.vc_custom_1515157334468{margin-bottom: 50px !important;}&#8221;][vc_column][rev_slider_vc alias=&#8221;impressum&#8221;][\/vc_column][\/vc_row][vc_row full_width=&#8221;stretch_row_content&#8221; container=&#8221;1&#8243; el_class=&#8221;content-box&#8221; css=&#8221;.vc_custom_1515085162997{margin-bottom: 50px !important;}&#8221;][vc_column][vc_column_text]<\/p>\n<h1 style=\"text-align: center;\">Imprint<\/h1>\n<p>[\/vc_column_text][\/vc_column][\/vc_row][vc_row full_width=&#8221;stretch_row_content&#8221; container=&#8221;1&#8243; el_class=&#8221;content-box&#8221;][vc_column css=&#8221;.vc_custom_1515142255840{margin-bottom: 50px !important;}&#8221;][vc_column_text css=&#8221;.vc_custom_1716553901048{padding-right: 50px !important;}&#8221;]<\/p>\n<p class=\"p1\"><strong>Dr. med. Stefanie Kuhfus-Mair<\/strong><\/p>\n<p class=\"p2\">Auf dem Bangert 41<br \/>\n65207 Wiesbaden-Naurod<\/p>\n<p>Tel.: <a href=\"tel:0612762828\">06127-62828<\/a><br \/>\nFax: <a href=\"tel:06127992462\">06127-992462<\/a><\/p>\n<p>Email: <a href=\"mailto:info@kinderaerztin-wiesbaden.de\">info@kinderaerztin-wiesbaden.de<\/a><\/p>\n<p>&nbsp;<\/p>\n<p class=\"p2\">Please don&#8217;t send medical or appointment requests by e-mail. We answer inquiries only by telephone.<\/p>\n<p>&nbsp;<\/p>\n<p class=\"p2\">Legal job title:<br \/>\nSpecialist in paediatrics and juvenile medicine \/ Germany<\/p>\n<p class=\"p2\">Competent medical association: Landes\u00e4rztekammer Hessen (L\u00c4KH)<br \/>\n<a href=\"https:\/\/www.laekh.de\/fileadmin\/user_upload\/Aerzte\/Rund_ums_Recht\/Rechtsquellen\/Berufsordnung.pdf\" target=\"_blank\" rel=\"noopener noreferrer\">Berufsordnung f\u00fcr die \u00c4rztinnen und \u00c4rzte in Hessen<\/a><br \/>\n<a href=\"https:\/\/www.laekh.de\/fileadmin\/user_upload\/Aerzte\/Rund_ums_Recht\/Rechtsquellen\/Heilberufsgesetz.pdf\" target=\"_blank\" rel=\"noopener noreferrer\">Hessisches Heilberufsgesetz<\/a><\/p>\n<p class=\"p2\">Kassen\u00e4rztliche Vereinigung: Hessen<\/p>\n<p>&nbsp;<\/p>\n<p class=\"p2\">The links below take you to the website of the medical association and Kassen\u00e4rztliche Vereinigung (KV). On the website of the medical association you will also find the applicable professional regulations.<\/p>\n<p class=\"p3\"><a href=\"http:\/\/www.bundesaerztekammer.de\/\" target=\"_blank\" rel=\"noopener noreferrer\">Bundes\u00e4rztekammer<\/a><br \/>\n<a href=\"http:\/\/www.bundesaerztekammer.de\/page.asp?his=0.8.5585\" target=\"_blank\" rel=\"noopener noreferrer\">Bundesdeutsche (Landes-)\u00c4rztekammern<\/a><br \/>\n<a href=\"http:\/\/www.laekh.de\/\" target=\"_blank\" rel=\"noopener noreferrer\">Landes\u00e4rztekammer Hessen<\/a><br \/>\n<a href=\"http:\/\/www.kvhessen.de\/\" target=\"_blank\" rel=\"noopener noreferrer\">Kassen\u00e4rztliche Vereinigung Hessen (KVH)<\/a><\/p>\n<p>&nbsp;<\/p>\n<p>Illustrations:\u00a0\u00a9 <a href=\"https:\/\/www.pixabay.com\/de\/\" target=\"_blank\" rel=\"noopener noreferrer\">Pixabay<\/a><\/p>\n<p>Realisation: <a href=\"https:\/\/www.99grad.de\" target=\"_blank\" rel=\"noopener noreferrer\">99\u00b0 Grafikdesign<\/a>[\/vc_column_text][\/vc_column][\/vc_row]<\/p>\n<\/div>","protected":false},"excerpt":{"rendered":"<p>[vc_row full_width=&#8221;stretch_row_content_no_spaces&#8221; css=&#8221;.vc_custom_1515157334468{margin-bottom: 50px !important;}&#8221;][vc_column][rev_slider_vc alias=&#8221;impressum&#8221;][\/vc_column][\/vc_row][vc_row full_width=&#8221;stretch_row_content&#8221; container=&#8221;1&#8243; el_class=&#8221;content-box&#8221; css=&#8221;.vc_custom_1515085162997{margin-bottom: 50px !important;}&#8221;][vc_column][vc_column_text] Imprint [\/vc_column_text][\/vc_column][\/vc_row][vc_row full_width=&#8221;stretch_row_content&#8221; container=&#8221;1&#8243; el_class=&#8221;content-box&#8221;][vc_column css=&#8221;.vc_custom_1515142255840{margin-bottom: 50px !important;}&#8221;][vc_column_text css=&#8221;.vc_custom_1716553901048{padding-right: 50px !important;}&#8221;] Dr. med. Stefanie Kuhfus-Mair Auf dem Bangert 41 65207 Wiesbaden-Naurod Tel.: 06127-62828 Fax: 06127-992462 Email: info@kinderaerztin-wiesbaden.de &nbsp; Please don&#8217;t send medical or appointment requests by e-mail. We answer inquiries only by telephone.<\/p>\n","protected":false},"author":1,"featured_media":0,"parent":0,"menu_order":0,"comment_status":"closed","ping_status":"closed","template":"tpl-visual-composer.php","meta":{"inline_featured_image":false,"slim_seo":{"title":"Imprint - Gemeinschaftspraxis Kuhfus-Mair &amp; Schindler","description":"[vc_row full_width=\"stretch_row_content_no_spaces\" css=\".vc_custom_1515157334468{margin-bottom: 50px !important;}\"][vc_column][rev_slider_vc alias=\"impressum\"]["},"footnotes":""},"class_list":["post-705","page","type-page","status-publish","hentry"],"_links":{"self":[{"href":"https:\/\/www.kinderaerztin-wiesbaden.de\/en\/wp-json\/wp\/v2\/pages\/705","targetHints":{"allow":["GET"]}}],"collection":[{"href":"https:\/\/www.kinderaerztin-wiesbaden.de\/en\/wp-json\/wp\/v2\/pages"}],"about":[{"href":"https:\/\/www.kinderaerztin-wiesbaden.de\/en\/wp-json\/wp\/v2\/types\/page"}],"author":[{"embeddable":true,"href":"https:\/\/www.kinderaerztin-wiesbaden.de\/en\/wp-json\/wp\/v2\/users\/1"}],"replies":[{"embeddable":true,"href":"https:\/\/www.kinderaerztin-wiesbaden.de\/en\/wp-json\/wp\/v2\/comments?post=705"}],"version-history":[{"count":10,"href":"https:\/\/www.kinderaerztin-wiesbaden.de\/en\/wp-json\/wp\/v2\/pages\/705\/revisions"}],"predecessor-version":[{"id":1248,"href":"https:\/\/www.kinderaerztin-wiesbaden.de\/en\/wp-json\/wp\/v2\/pages\/705\/revisions\/1248"}],"wp:attachment":[{"href":"https:\/\/www.kinderaerztin-wiesbaden.de\/en\/wp-json\/wp\/v2\/media?parent=705"}],"curies":[{"name":"wp","href":"https:\/\/api.w.org\/{rel}","templated":true}]}}