{"id":706,"date":"2018-01-12T14:12:47","date_gmt":"2018-01-12T14:12:47","guid":{"rendered":"http:\/\/www.kinderaerztin-wiesbaden.de\/?page_id=706"},"modified":"2023-04-12T18:15:30","modified_gmt":"2023-04-12T16:15:30","slug":"info-for-parents","status":"publish","type":"page","link":"https:\/\/www.kinderaerztin-wiesbaden.de\/en\/info-for-parents\/","title":{"rendered":"Info for parents"},"content":{"rendered":"<div class=\"wpb-content-wrapper\"><p>[vc_row full_width=&#8221;stretch_row_content_no_spaces&#8221; css=&#8221;.vc_custom_1515157323814{margin-bottom: 50px !important;}&#8221;][vc_column][rev_slider_vc alias=&#8221;elterninfo&#8221;][\/vc_column][\/vc_row][vc_row full_width=&#8221;stretch_row&#8221; container=&#8221;1&#8243; css=&#8221;.vc_custom_1515079954033{margin-bottom: 50px !important;}&#8221; el_class=&#8221;content-box&#8221;][vc_column][vc_column_text]<img decoding=\"async\" class=\"size-full wp-image-487 aligncenter\" src=\"https:\/\/www.kinderaerztin-wiesbaden.de\/wp-content\/uploads\/2018\/01\/zettel.png\" alt=\"\" \/><\/p>\n<h1 style=\"text-align: center;\">Parent\u00b4s Information<\/h1>\n<p>[\/vc_column_text][\/vc_column][\/vc_row][vc_row full_width=&#8221;stretch_row_content&#8221; container=&#8221;1&#8243; el_class=&#8221;content-box hidden&#8221; css=&#8221;.vc_custom_1515670819221{margin-bottom: 50px !important;}&#8221;][vc_column][vc_column_text][\/vc_column_text][\/vc_column][\/vc_row][vc_row container=&#8221;1&#8243; css=&#8221;.vc_custom_1515670871260{margin-bottom: 50px !important;}&#8221; el_class=&#8221;content-box hidden&#8221;][vc_column][vc_separator][\/vc_column][\/vc_row][vc_row full_width=&#8221;stretch_row_content&#8221; container=&#8221;1&#8243; el_class=&#8221;content-box&#8221;][vc_column][vc_column_text]<\/p>\n<h2>EMERGENCY<\/h2>\n<p class=\"p1\"><strong>In the event of a life threatening situation, please call <\/strong><\/p>\n<p class=\"p1\" style=\"text-align: left;\"><span style=\"color: #ff0000;\"><strong>112 <\/strong><\/span><\/p>\n<p class=\"p1\" style=\"text-align: left;\"><strong>for medical assistance!<\/strong><\/p>\n<p class=\"p1\" style=\"text-align: left;\"><strong><br \/>\n<\/strong>For urgent emergencies occurring outside of our Office Hours:<\/p>\n<p class=\"p1\" style=\"text-align: left;\">please contact the Pediatric Emergency Service in the Pediatric Clinic of<\/p>\n<p>&nbsp;<\/p>\n<p class=\"p1\"><strong>Dr. Horst-Schmidt-Kliniken HSK<\/strong><br \/>\n<strong>Ludwig-Erhardt-Stra\u00dfe 100<\/strong><br \/>\n<strong>65199 Wiesbaden-Dotzheim<\/strong><\/p>\n<p class=\"p1\"><strong>PHONE:<\/strong><span style=\"color: #ff0000;\"> <a style=\"color: #ff0000;\" href=\"tel:0611432667\">0611-432667<\/a><\/span><\/p>\n<p>&nbsp;<\/p>\n<p class=\"p1\">Additional information is available at our reception desk.<\/p>\n<p>&nbsp;<\/p>\n<p>EMERGENCY PHARMACIES<\/p>\n<p>Here you can find the next pharmacy on duty<br \/>\n<span style=\"color: #ff0000;\"><a style=\"color: #ff0000;\" href=\"http:\/\/www.apotheken.de\" target=\"_blank\" rel=\"noopener noreferrer\">www.apotheken.de<\/a><\/span>[\/vc_column_text][\/vc_column][\/vc_row][vc_row container=&#8221;1&#8243; css=&#8221;.vc_custom_1515080745782{margin-top: 50px !important;}&#8221; el_class=&#8221;content-box&#8221;][vc_column][vc_separator][\/vc_column][\/vc_row][vc_row full_width=&#8221;stretch_row_content&#8221; container=&#8221;1&#8243; css=&#8221;.vc_custom_1515080794015{margin-top: 50px !important;}&#8221; el_class=&#8221;content-box&#8221;][vc_column][vc_column_text]<\/p>\n<h2>INFORMATION FOR FOREIGN PATIENTS<\/h2>\n<ul>\n<li>If you do not possess an insurance card from a German health insurance provider, and you come from:<br \/>\none of the European Economic Area (EWR) Member States, or Switzerland, then you will be treated on presentment of European Health Insurance Card, or alternative certificate. Please bring your passport or other identification card with you.<\/li>\n<li>a state with bilateral social security agreement, in which case you will be given an \u201cAnspruchsnachweis\u201d from a German health insurance company documenting your right to receive treatment. The accompanying \u201eAbrechnungsschein\u201c will be used to settle the payment.<\/li>\n<li>any other foreign country not covered above, you will receive your bill by mail at the conclusion of treatment. Costs are based on the fee calculation schedule found in the \u201e\u201cGeb\u00fchrenordnung f\u00fcr \u00c4rzte\u201c (GO\u00c4), German Fee Schedule for Doctors. The bill is paid per electronic transfer to the account provided. Payment per check\/credit card is not possible.<\/li>\n<\/ul>\n<p>We are happy to assist with any further questions you may have.<\/p>\n<p>[\/vc_column_text][\/vc_column][\/vc_row][vc_row container=&#8221;1&#8243; css=&#8221;.vc_custom_1515080771159{margin-top: 50px !important;}&#8221; el_class=&#8221;content-box&#8221;][vc_column][vc_separator][\/vc_column][\/vc_row][vc_row full_width=&#8221;stretch_row_content&#8221; container=&#8221;1&#8243; css=&#8221;.vc_custom_1515080803853{margin-top: 50px !important;}&#8221; el_class=&#8221;content-box&#8221;][vc_column][vc_column_text]<\/p>\n<h2>Links<\/h2>\n<p>&nbsp;<\/p>\n<p><strong>AD(H)S<\/strong><br \/>\ngef\u00f6rdert durch das Bundesministerium f\u00fcr Gesundheit<br \/>\n<a href=\"http:\/\/www.adhs.info\" target=\"_blank\" rel=\"noopener noreferrer\">www.adhs.info<\/a><\/p>\n<p>&nbsp;<\/p>\n<p><strong>Allergies \/ Asthma<\/strong><br \/>\nvom deutschen Allergie- und Asthmabund<br \/>\n<a href=\"http:\/\/www.daab.de\" target=\"_blank\" rel=\"noopener noreferrer\">www.daab.de<\/a><\/p>\n<p>vom Pr\u00e4ventions- und Informationsnetzwerk Allergie\/Asthma<br \/>\n<a href=\"http:\/\/www.pina-infoline.de\" target=\"_blank\" rel=\"noopener noreferrer\">www.pina-infoline.de<\/a><\/p>\n<p>der Arbeitsgemeinschaft allergiekrankes Kind<br \/>\n<a href=\"http:\/\/www.aak.de\" target=\"_blank\" rel=\"noopener noreferrer\">www.aak.de<\/a><\/p>\n<p>&nbsp;<\/p>\n<p><b>Chronic Pain<br \/>\n<\/b>Den Schmerz verstehen &#8211; und was zu tun ist in 10 Minuten. Ein<br \/>\nsehr gutes Video vom =&gt;\u00a0<a href=\"http:\/\/www.deutsches-kinderschmerzzentrum.de\/\" target=\"_blank\" rel=\"noopener noreferrer\">Deutschen Kinderschmerzzentrum<\/a><\/p>\n<p>&nbsp;<\/p>\n<p><strong>General Information for parents<\/strong><br \/>\nvon der Deutschen Gesellschaft f\u00fcr Kinder- und Jugendmedizin DGKJ<br \/>\n<a href=\"http:\/\/www.dgkj.de\/eltern\/\" target=\"_blank\" rel=\"noopener noreferrer\">www.dgkj.de\/eltern\/<\/a><\/p>\n<p>des Berufsverbandes der Kinder- und Jugend\u00e4rzte BVKJ<br \/>\n<a href=\"http:\/\/www.kinderaerzte-im-netz.de\" target=\"_blank\" rel=\"noopener noreferrer\">www.kinderaerzte-im-netz.de<\/a><\/p>\n<p>&nbsp;<\/p>\n<p><b>Nutrition<\/b><br \/>\n<a href=\"http:\/\/www.kindergesundheit.de\" target=\"_blank\" rel=\"noopener noreferrer\">www.kindergesundheit.de<\/a><br \/>\n<a href=\"http:\/\/www.aga.adipositas-gesellschaft.de\" target=\"_blank\" rel=\"noopener noreferrer\">www.aga.adipositas-gesellschaft.de<\/a><br \/>\n<a href=\"http:\/\/www.bzga-essstoerungen.de\" target=\"_blank\" rel=\"noopener noreferrer\">www.bzga-essstoerungen.de<\/a><\/p>\n<p>&nbsp;<\/p>\n<p><strong>Media-Use<\/strong><br \/>\n<a href=\"http:\/\/www.schau-hin.info\" target=\"_blank\" rel=\"noopener noreferrer\">www.schau-hin.info<\/a><br \/>\n<a href=\"http:\/\/www.aktiv-gegen-mediensucht.de\" target=\"_blank\" rel=\"noopener noreferrer\">www.aktiv-gegen-mediensucht.de<\/a><br \/>\n<a href=\"http:\/\/www.jugendschutz.net\" target=\"_blank\" rel=\"noopener noreferrer\">www.jugendschutz.net<\/a><br \/>\n<a href=\"http:\/\/www.klicksafe.de\" target=\"_blank\" rel=\"noopener noreferrer\">www.klicksafe.de<\/a><br \/>\n<a href=\"https:\/\/bildschirmfrei-bis-3.de\/\">https:\/\/bildschirmfrei-bis-3.de\/<\/a><\/p>\n<p>&nbsp;<\/p>\n<p><strong>Paednetz-Wirt<\/strong><br \/>\nInternetportal der Kinder- und Jugend\u00e4rzte aus <strong>Wi<\/strong>esbaden und dem<br \/>\n<strong>R<\/strong>heingau-<strong>T<\/strong>aunus-Kreis<br \/>\n<a href=\"http:\/\/www.paednetz-wirt.de\" target=\"_blank\" rel=\"noopener noreferrer\">www.paednetz-wirt.de<\/a><\/p>\n<p>&nbsp;<\/p>\n<p><strong>Sexual Education<\/strong><br \/>\nder Bundeszentrale f\u00fcr gesundheitliche Aufkl\u00e4rung (BZgA)<br \/>\n<a href=\"http:\/\/www.sexualaufklaerung.de\" target=\"_blank\" rel=\"noopener noreferrer\">www.sexualaufklaerung.de<\/a><br \/>\n<a href=\"http:\/\/www.loveline.de\" target=\"_blank\" rel=\"noopener noreferrer\">www.loveline.de<\/a><\/p>\n<p>&nbsp;<\/p>\n<p><strong>Vaccinations \/ Infections<\/strong><br \/>\nvom Robert Koch-Institut<br \/>\n<a href=\"http:\/\/www.rki.de\" target=\"_blank\" rel=\"noopener noreferrer\">www.rki.de<\/a><\/p>\n<p>von der Bundeszentrale f\u00fcr gesundheitliche Aufkl\u00e4rung<br \/>\n<a href=\"http:\/\/www.impfen-info.de\" target=\"_blank\" rel=\"noopener noreferrer\">www.impfen-info.de<\/a><\/p>\n<p>&nbsp;<\/p>\n<p>&nbsp;<\/p>\n<p>&nbsp;<\/p>\n<p>[\/vc_column_text][\/vc_column][\/vc_row]<\/p>\n<\/div>","protected":false},"excerpt":{"rendered":"<p>[vc_row full_width=&#8221;stretch_row_content_no_spaces&#8221; css=&#8221;.vc_custom_1515157323814{margin-bottom: 50px !important;}&#8221;][vc_column][rev_slider_vc alias=&#8221;elterninfo&#8221;][\/vc_column][\/vc_row][vc_row full_width=&#8221;stretch_row&#8221; container=&#8221;1&#8243; css=&#8221;.vc_custom_1515079954033{margin-bottom: 50px !important;}&#8221; el_class=&#8221;content-box&#8221;][vc_column][vc_column_text] Parent\u00b4s Information [\/vc_column_text][\/vc_column][\/vc_row][vc_row full_width=&#8221;stretch_row_content&#8221; container=&#8221;1&#8243; el_class=&#8221;content-box hidden&#8221; css=&#8221;.vc_custom_1515670819221{margin-bottom: 50px !important;}&#8221;][vc_column][vc_column_text][\/vc_column_text][\/vc_column][\/vc_row][vc_row container=&#8221;1&#8243; css=&#8221;.vc_custom_1515670871260{margin-bottom: 50px !important;}&#8221; el_class=&#8221;content-box hidden&#8221;][vc_column][vc_separator][\/vc_column][\/vc_row][vc_row full_width=&#8221;stretch_row_content&#8221; container=&#8221;1&#8243; el_class=&#8221;content-box&#8221;][vc_column][vc_column_text] EMERGENCY In the event of a life threatening situation, please call 112 for medical assistance! For urgent emergencies occurring outside of our Office Hours:<\/p>\n","protected":false},"author":1,"featured_media":0,"parent":0,"menu_order":0,"comment_status":"closed","ping_status":"closed","template":"tpl-visual-composer.php","meta":{"inline_featured_image":false,"slim_seo":{"title":"Info for parents - Gemeinschaftspraxis Kuhfus-Mair &amp; Schindler","description":"[vc_row full_width=\"stretch_row_content_no_spaces\" css=\".vc_custom_1515157323814{margin-bottom: 50px !important;}\"][vc_column][rev_slider_vc alias=\"elterninfo\"]"},"footnotes":""},"class_list":["post-706","page","type-page","status-publish","hentry"],"_links":{"self":[{"href":"https:\/\/www.kinderaerztin-wiesbaden.de\/en\/wp-json\/wp\/v2\/pages\/706","targetHints":{"allow":["GET"]}}],"collection":[{"href":"https:\/\/www.kinderaerztin-wiesbaden.de\/en\/wp-json\/wp\/v2\/pages"}],"about":[{"href":"https:\/\/www.kinderaerztin-wiesbaden.de\/en\/wp-json\/wp\/v2\/types\/page"}],"author":[{"embeddable":true,"href":"https:\/\/www.kinderaerztin-wiesbaden.de\/en\/wp-json\/wp\/v2\/users\/1"}],"replies":[{"embeddable":true,"href":"https:\/\/www.kinderaerztin-wiesbaden.de\/en\/wp-json\/wp\/v2\/comments?post=706"}],"version-history":[{"count":15,"href":"https:\/\/www.kinderaerztin-wiesbaden.de\/en\/wp-json\/wp\/v2\/pages\/706\/revisions"}],"predecessor-version":[{"id":1195,"href":"https:\/\/www.kinderaerztin-wiesbaden.de\/en\/wp-json\/wp\/v2\/pages\/706\/revisions\/1195"}],"wp:attachment":[{"href":"https:\/\/www.kinderaerztin-wiesbaden.de\/en\/wp-json\/wp\/v2\/media?parent=706"}],"curies":[{"name":"wp","href":"https:\/\/api.w.org\/{rel}","templated":true}]}}